{"id":289,"date":"2008-12-16T16:15:02","date_gmt":"2008-12-16T16:15:02","guid":{"rendered":"http:\/\/www.philipmoorepianist.co.uk\/pianist\/?page_id=289"},"modified":"2023-06-08T10:31:42","modified_gmt":"2023-06-08T09:31:42","slug":"reviews","status":"publish","type":"page","link":"https:\/\/www.philipmoorepianist.co.uk\/pianist\/reviews\/","title":{"rendered":"reviews"},"content":{"rendered":"\n<figure class=\"wp-block-image alignfull size-large\"><a href=\"https:\/\/www.philipmoorepianist.co.uk\/pianist\/wp-content\/uploads\/hebrides-ensemble-nov-2017-euan-robertson_073-e1686130682989.jpg\"><img decoding=\"async\" loading=\"lazy\" width=\"1024\" height=\"305\" src=\"https:\/\/www.philipmoorepianist.co.uk\/pianist\/wp-content\/uploads\/hebrides-ensemble-nov-2017-euan-robertson_073-e1686130682989-1024x305.jpg\" alt=\"\" class=\"wp-image-1035\" srcset=\"https:\/\/www.philipmoorepianist.co.uk\/pianist\/wp-content\/uploads\/hebrides-ensemble-nov-2017-euan-robertson_073-e1686130682989-1024x305.jpg 1024w, https:\/\/www.philipmoorepianist.co.uk\/pianist\/wp-content\/uploads\/hebrides-ensemble-nov-2017-euan-robertson_073-e1686130682989-125x37.jpg 125w, https:\/\/www.philipmoorepianist.co.uk\/pianist\/wp-content\/uploads\/hebrides-ensemble-nov-2017-euan-robertson_073-e1686130682989-450x134.jpg 450w, https:\/\/www.philipmoorepianist.co.uk\/pianist\/wp-content\/uploads\/hebrides-ensemble-nov-2017-euan-robertson_073-e1686130682989-768x228.jpg 768w, https:\/\/www.philipmoorepianist.co.uk\/pianist\/wp-content\/uploads\/hebrides-ensemble-nov-2017-euan-robertson_073-e1686130682989-1536x457.jpg 1536w, https:\/\/www.philipmoorepianist.co.uk\/pianist\/wp-content\/uploads\/hebrides-ensemble-nov-2017-euan-robertson_073-e1686130682989.jpg 2000w\" sizes=\"(max-width: 1024px) 100vw, 1024px\" \/><\/a><\/figure>\n\n\n\n<h2 class=\"wp-block-heading\">Concert Reviews<\/h2>\n\n\n\n<h4 class=\"wp-block-heading\">solo\/chamber<\/h4>\n\n\n\n<p class=\"has-small-font-size\"><\/p>\n\n\n\n<p class=\"has-small-font-size\"><strong>MANCHESTER EVENING NEWS<\/strong><br><em>A hugely virtuosic performance was presented with skills that you would hardly believe possible. Moore&#8217;s lively and clear approach to the pianism was balanced by his ability to linger dreamily over the rich romantic phrases too. In the final pages he dared all \u2013 and won.<\/em><\/p>\n\n\n\n<p><\/p>\n\n\n\n<p><strong>THE GUARDIAN<\/strong><br><em>Philip Moore is a pianist of real fortitude. His andante theme [from Brahms&#8217;s Piano Quintet] was beautifully stated \u2013 unfussy and eloquent.<\/em><\/p>\n\n\n\n<p><\/p>\n\n\n\n<p><strong>THE SCOTSMAN<\/strong><br><em>*****<br>Giving a beautifully precise yet poetic realisation of an intensely complex score [of Crumb&#8217;s Makrokosmos III] were pianists Elizabeth Burley and Philip Moore. At times almost trance-like in its hypnotic power, it was completely absorbing in its impact.<\/em><\/p>\n\n\n\n<p><\/p>\n\n\n\n<p><strong>THE SCOTSMAN<\/strong><br><em>Moore\u2019s solo account of Debussy\u2019s Berceuse H\u00e9ro\u00efque was luminously moving.<\/em><\/p>\n\n\n\n<p><\/p>\n\n\n\n<p><strong>THE HERALD<\/strong><br><em>Philip Moore provided exquisite pianistic cushioning throughout.<\/em><\/p>\n\n\n\n<p><\/p>\n\n\n\n<p><strong>STRATFORD HERALD<\/strong><br><em>His sense of poetry in this solo recital was a delight. He has the ideal sensitivity for the Romantic period, and is able, at exactly the right moment, to pull back on the most tender melodies, to moving effect. The Rachmaninov Preludes were played with tremendous vigour, style and flourish. A thrilling performance. After the interval we heard Chopin Etudes, so enchanting that members of the audience could barely restrain themselves from an audible hum.<\/em><\/p>\n\n\n\n<p><\/p>\n\n\n\n<p><strong>NEW YORK CLASSICAL REVIEW<\/strong><br><em>The program was expertly played \u2013 Druckman, Currie, Crawford-Phillips and Moore performed the piece with obvious command and confidence.<\/em><\/p>\n\n\n\n<p><\/p>\n\n\n\n<p><strong>THE TIMES<\/strong><br><em>There was music to grab you by the lapels in the Philharmonia\u2019s Schnittke concert. A piano crunch and throbbing string chords led us into his last Concerto Grosso. Martyn Brabbins conducted bouncy performances from James Clark (violin), Philip Moore (piano) and an ensemble game for anything.<\/em><\/p>\n\n\n\n<p><\/p>\n\n\n\n<p><strong>THE HERALD<\/strong><br><em>*****<br>[Beamish&#8217;s transcription of La Mer] needs great players. And by Jove did it have them in violinist James Clark, pianist Philip Moore and cellist Will Conway.<\/em><\/p>\n\n\n\n<p><\/p>\n\n\n\n<p><strong>THE GUARDIAN<\/strong><br><em>[Reich&#8217;s Quartet] was played with an unassuming virtuosity and a well-nigh faultless sense of ensemble. [Sextet] demands immense reserves of stamina and concentration on the part of their players, challenges superbly met in performances at once hypnotic and thrilling.<\/em><\/p>\n\n\n\n<p><\/p>\n\n\n\n<p><strong>BACHTRACK<\/strong><br><em>*****<br>A mesmerising performance [of Reich&#8217;s Quartet] performed immaculately and with great virtuosity.<\/em><\/p>\n\n\n\n<p><\/p>\n\n\n\n<p><strong>THE GUARDIAN<\/strong><br><em>There was gorgeous solo playing and revelatory moments of transparency and sparseness.<\/em><\/p>\n\n\n\n<p><\/p>\n\n\n\n<p><strong>THE SCOTSMAN<\/strong><br><em>Easily the most imaginative musical programme to come out of this Edinburgh International Festival so far, with blistering performances to boot! Few concerts come more stimulating than this.<\/em><\/p>\n\n\n\n<p><\/p>\n\n\n\n<p><strong>THE HERALD<\/strong><br><em>Bewitching and revelatory.<\/em><\/p>\n\n\n\n<p><\/p>\n\n\n\n<p><strong>LONDON EVENING STANDARD<\/strong><br><em>They played it as if it was a matter of life and death.<\/em><\/p>\n\n\n\n<p><\/p>\n\n\n\n<p><strong>THE SUNDAY TIMES<\/strong><br><em>A daring but triumphant Wigmore debut.<\/em><\/p>\n\n\n\n<p><\/p>\n\n\n\n<p><strong>musicOMH<\/strong><br><em>As eloquent as anything we&#8217;ve heard in London so far.<\/em><\/p>\n\n\n\n<p><\/p>\n\n\n\n<p><strong>THE HERALD<\/strong><br><em>The Hebrides Ensemble melded themselves into the concert&#8217;s haunting sound world, mixing flamboyance and stasis to equal advantage.<\/em><\/p>\n\n\n\n<p><\/p>\n\n\n\n<h2 class=\"wp-block-heading\"><\/h2>\n\n\n\n<h4 class=\"wp-block-heading\">piano duo<\/h4>\n\n\n\n<p><\/p>\n\n\n\n<p><strong>THE GUARDIAN<\/strong><br><em>Inquisitive joy shaped a lunchtime concert by the piano duo Simon Crawford-Phillips and Philip Moore. After Ravel\u2019s arrangement of Debussy\u2019s Pr\u00e9lude \u00e0 l\u2019apr\u00e8s-midi d\u2019un faune, at once stark and languorous, they brought gleam and definition to Mozart\u2019s Andante with Variations, K501 and Sonata in F major, K497. As a finale they chose Stravinsky\u2019s Firebird, in Moore\u2019s virtuosic arrangement of the suite: fingers, hands and arms locked in a complex ballet of their own.<\/em><\/p>\n\n\n\n<p><\/p>\n\n\n\n<p><strong>artsdesk.com<\/strong><br><em>The Edinburgh Festival audience could hardly have asked for anything more lively, incisive and dramatic. It was a quiet revelation: the duo shaped Adams\u2019 repeating phrases beautifully, and characterising his textures vividly.<\/em><\/p>\n\n\n\n<p><\/p>\n\n\n\n<p><strong>THE SCOTSMAN<\/strong><br><em>\u2605\u2605\u2605\u2605\u2605<br>Injecting yet another breath of fresh air into The Queen\u2019s Hall recital series this year, Colin Currie, Sam Walton, Simon Crawford-Phillips and Philip Moore brought music for percussion and piano that was a complete revelation. It was brilliantly put together. Bartok&#8217;s Sonata was totally mesmerising in a sensationally synchronised reading that accentuated the pianos\u2019 percussive properties in its angular rhythms.<\/em><\/p>\n\n\n\n<p><\/p>\n\n\n\n<p><strong>THE HERALD<\/strong><br><em>\u2605\u2605\u2605\u2605\u2605<br>This was a performance of remarkable refinement.<\/em><\/p>\n\n\n\n<p><\/p>\n\n\n\n<p><strong>THE TELEGRAPH<\/strong><br><em>The conversational sophistication in Mozart\u2019s E flat two-piano concerto is rarely as fully revealed as it was here by Simon Crawford-Phillips and Phillip Moore. Each was consummately fluent in passagework that is far trickier than it sounds, and each hit the happy mean between flexibility and continuity in phrasing, while together they relished the grace and wit of Mozart\u2019s exchanges.<\/em><\/p>\n\n\n\n<p><\/p>\n\n\n\n<p><strong>BACHTRACK<\/strong><br><em>Simon Crawford-Phillips and Philip Moore shone with immaculate solo and ensemble playing, sparkling throughout and full of personality.<\/em><\/p>\n\n\n\n<p><\/p>\n\n\n\n<p><strong>INTERNATIONAL PIANO<\/strong><br><em>Simon Crawford-Phillips and Philip Moore were closely attuned, with a shared blend of cool intellectualism and poetry. A mesmerising arrangement of Debussy\u2019s Pr\u00e9lude \u00e0 l\u2019apr\u00e8s-midi d\u2019un faune was played with limpid touch and sensuous beauty, Lutoslawski\u2019s Paganini Variations with wit and bravura.<\/em><\/p>\n\n\n\n<p><\/p>\n\n\n\n<p><strong>CLASSICAL SOURCE<\/strong><br><em>Such were the wide range of colouring and subtle nuances conjured by Moore and Crawford-Philips, that one could almost declare Debussy&#8217;s transcription of Pr\u00e9lude \u00e0 l\u2019apr\u00e8s-midi d\u2019un Faune a worthy alternative to its more illustrious counterpart. The intimate, tuneful Canonic Etudes by Schumann were beautifully brought to life, the pianists&#8217; delicate shading and lightness of touch capturing the contrasting moods delightfully.<\/em><\/p>\n\n\n\n<p><\/p>\n\n\n\n<p><strong>MUSIC WEB<\/strong><br><em>There was an abundance of shading and I was especially impressed with the tone colour employed by Moore in the second subject of the first movement of Symphonic Dances; it was warm and fluid, with such an easy feel and restrained use of rubato. A cracking show which was excellent in every way and should not be missed when it is broadcast on BBC Radio 3.<\/em><\/p>\n\n\n\n<p><\/p>\n\n\n\n<p><strong>THE SCOTSMAN<\/strong><br><em>Brahms\u2019 Sonata in F minor was a revelation, with a vivid energy and rich texture which the seamless synergy of these two players drew out to maximum effect.<\/em><\/p>\n\n\n\n<p><\/p>\n\n\n\n<p><strong>CROYDON ADVERTISER<\/strong><br><em>The finest duo in the market right now, and in a highly competitive field.<\/em><\/p>\n\n\n\n<p><\/p>\n\n\n\n<p><strong>MUSICAL OPINION<\/strong><br><em>Philip Moore\u2019s transcription of Stravinsky\u2019s Firebird sprang from their fingers with all the brilliance and vigour of an orchestral performance.<\/em><\/p>\n\n\n\n<p><\/p>\n\n\n\n<p><strong>SARGANSERLAND<\/strong> (Switzerland)<br><em>Simon Crawford-Phillips and Philip Moore amazed with their playing! With light fingers and brilliant technique they created a thoroughly convincing Schubert Andantino, every note full of feeling.<\/em><\/p>\n\n\n\n<p><\/p>\n\n\n\n<p><strong>MANCHESTER EVENING NEWS<\/strong><br><em>Three movements from Stravinsky\u2019s Firebird Suite proved a stunning climax to a varied programme. It\u2019s easy to see why this duo is in such demand.<\/em><\/p>\n\n\n\n<p><\/p>\n\n\n\n<p><strong>THE INDEPENDENT<\/strong><br><em>The final stages of this [Promenade] concert were the best: a wittily pointed account, by Philip Moore and Simon Crawford-Phillips, of Stravinsky&#8217;s Concerto for two pianos.<\/em><\/p>\n\n\n\n<p><\/p>\n\n\n\n<p><strong>THE DAILY TELEGRAPH<\/strong><br><em>A bonus in this concert was the piquant, spirited playing of Stravinsky\u2019s Concerto for Two Pianos by Philip Moore and Simon Crawford-Phillips \u2013 a real shot of adrenalin.<\/em><\/p>\n\n\n\n<p><\/p>\n\n\n\n<p><strong>THE INDEPENDENT<\/strong><br><em>Crawford-Phillips and Moore were the 20 fingers of steel.<\/em><\/p>\n\n\n\n<p><\/p>\n\n\n\n<p><strong>CROYDON ADVERTISER <\/strong><br><em>It was as if all expression were spontaneous. In the absence of the orchestra, the fullest sonorities were explored in a display of technical wizardry at whose conclusion one could only gasp and ask: how did they do that? You missed it? Kick yourself!<\/em><\/p>\n\n\n\n<p><\/p>\n\n\n\n<p><strong>EVENING STANDARD<\/strong><br><em>They filled the Wigmore Hall with cheering fans. Their Schubert was a thing of beauty. They played the Variations on an Original Theme D813 with skill and variety, his Fantasie in F minor D940 with profound understanding of its angry power, and won an audience chuckle with the subtlety of their touch in Rawsthorne\u2019s The Creel.<\/em><\/p>\n\n\n\n<p><\/p>\n\n\n\n<p><strong>MUSICAL OPINION<\/strong><br><em>A stimulating programme enhanced by their clarity of approach and perceptive readings. Schubert\u2019s F minor Fantasie was infused with intensity. Ravel\u2019s La Valse was a real tour de force with lucidity and momentum. The rumbling bass at the start, the brightly etched waltz theme, and glissandi which erupted with frothy colour in the apotheosic conclusion, were all vividly projected.<\/em> <em>Absolutely breathtaking.<\/em><\/p>\n\n\n\n<p><\/p>\n\n\n\n<h2 class=\"wp-block-heading\">Recording Reviews<\/h2>\n\n\n\n<h4 class=\"wp-block-heading\">solo\/chamber<\/h4>\n\n\n\n<p><\/p>\n\n\n\n<p><strong>BBC MUSIC MAGAZINE<\/strong><br><em>These are superb performances, with delightfully jaunty piano in the Pi\u00e8ce. Janiczek and Moore combine transcendent intensity with finely judged pacing in the Theme and Variations, placing this firmly among the best accounts on disc.<\/em><\/p>\n\n\n\n<p><\/p>\n\n\n\n<p><strong>SA-CD.net<\/strong><br><em>A superlative recording. Rarely have Louange \u00e0 l&#8217;\u00c9ternit\u00e9 de J\u00e9sus and Louange \u00e0 l&#8217;Immortalit\u00e9 de J\u00e9sus sounded so ethereal. The balance is perfectly judged to give all the tonal variety that Philip Moore extracts from the piano. Absolutely captivating and highly recommended.<\/em><\/p>\n\n\n\n<p><\/p>\n\n\n\n<p><strong>THE SCOTSMAN<\/strong><br><em>The fiery Fantasie for violin and piano has an intrinsic, dynamic tunefulness that is hotly pursued in this performance by violinist Alexander Janiczek and pianist Philip Moore. A highly significant recording.<\/em><\/p>\n\n\n\n<p><\/p>\n\n\n\n<p><strong>KLASSIK.COM, GERMANY<\/strong><br><em>Rarely has the song of the warbler been heard so vividly as in this recording. The \u201cFantaisie\u201d deserves special praise: Moore and Janiczek give this premiere recording a mature interpretation. Messiaen fans will grab this SACD!<\/em><\/p>\n\n\n\n<p><\/p>\n\n\n\n<p><strong>BBC MUSIC<\/strong><br><em>Breathtaking sensitivity and depth from the Hebrides Ensemble in this outstanding performance. This disc is more than just a premiere recording; this is special playing from a special group of musicians.<\/em><\/p>\n\n\n\n<p><\/p>\n\n\n\n<p><strong>HIGH FIDELITY, DENMARK<\/strong><br><em>I have not heard any better recording of these works.<\/em><\/p>\n\n\n\n<p><\/p>\n\n\n\n<p><span style=\"font-weight: 600;\">DAILY CLASSICAL MUSIC<\/span><br><em>It&#8217;s not an overstatement to suggest that this [Hebrides Ensemble] disc is sensational. As an approach to Maxwell Davies&#8217; music, it could scarcely be bettered.<\/em><\/p>\n\n\n\n<p><\/p>\n\n\n\n<p><strong>NOTTINGHAM EVENING POST<\/strong><br><em>Simply unmissable. Images of natural and spiritual worlds are translated into highly personal music.<\/em><\/p>\n\n\n\n<p><\/p>\n\n\n\n<p><strong>HR AUDIO<\/strong><br><em>An inspired performance &#8230; a faultless account &#8230; the immediate accessibility of the &#8216;Sextet&#8217;, aided by the brilliance of the LSO Percussion Ensemble&#8217;s stunning playing, will surely bring new converts to Reich&#8217;s archetypal and iconic oeuvre &#8230; The performances and the recorded sound are so outstanding. Unreservedly recommended!<\/em><\/p>\n\n\n\n<p><\/p>\n\n\n\n<h2 class=\"wp-block-heading\"><\/h2>\n\n\n\n<h4 class=\"wp-block-heading\">piano duo<\/h4>\n\n\n\n<p><\/p>\n\n\n\n<p><strong>Stravinsky Ballets For Piano Duet (Deux-Elles)<\/strong><\/p>\n\n\n\n<p><strong>GRAMOPHONE<\/strong><br><em>The duo\u2019s ensemble is astonishingly good and the sheer panache of these performers makes this a most satisfying release with a unique feature.<\/em><\/p>\n\n\n\n<p><\/p>\n\n\n\n<p><strong>INTERNATIONAL PIANO<\/strong><br><em>Philip Moore\u2019s own highly effective version of The Firebird is in my view worth the price of this disc alone.<\/em><\/p>\n\n\n\n<p><\/p>\n\n\n\n<p><strong>CLASSICAL SOURCE<\/strong><br><em>If it weren\u2019t for the sheer complexity of the textures, you could be forgiven for thinking you were hearing one pianist. Their cleanly articulated and vigorous playing provides coloration in abundance.<\/em><\/p>\n\n\n\n<p><\/p>\n\n\n\n<p><strong>Ravel La Valse For Piano Duet (Deux-Elles)<\/strong><\/p>\n\n\n\n<p><strong>SUONARE NEWS, ITALY<\/strong><br><em>The performers are full of hidden poetic humour. They lead us to the heart of Ravel\u2019s \u201cEnchanted Garden\u201d with touching simplicity.<\/em><\/p>\n\n\n\n<p><\/p>\n\n\n\n<p><strong>CLASSICAL MUSIC WEB<\/strong><br><em>Balances are expertly projected, and the little touches of nuance and phrasing are a constant delight.<\/em><\/p>\n\n\n\n<p><\/p>\n\n\n\n<p><strong>BBC MUSIC MAGAZINE <\/strong><br><em>Moore and Crawford-Phillips play Debussy\u2019s Pr\u00e9lude a l\u2019apr\u00e8s-midi d\u2019un faune with immense grace and sensitivity. In Bizet\u2019s Jeux d\u2019enfants they are innocent and full of enchantment, and play with such charm as to persuade that this is the most delightful piece ever written for the medium. In Ravel\u2019s Ma mere l\u2019Oye, childlike simplicity and technical sophistication go hand in hand.<\/em><\/p>\n\n\n\n<p><\/p>\n\n\n\n<p><strong>SUNDAY TIMES<\/strong><br><em>In Ravel&#8217;s fascinating transcription of Debussy&#8217;s Pr\u00e9lude \u00e0 l&#8217;apr\u00e8s-midi d&#8217;un faune they articulate the evanescent orchestral substance of the original with analytical precision, while retaining a magical limpidity and flow.<\/em><\/p>\n\n\n\n<h2 class=\"wp-block-heading\"><\/h2>\n","protected":false},"excerpt":{"rendered":"<p>Concert Reviews solo\/chamber MANCHESTER EVENING NEWSA hugely virtuosic performance was presented with skills that you would hardly believe possible. Moore&#8217;s lively and clear approach to the pianism was balanced by his ability to linger dreamily over the rich romantic phrases too. In the final pages he dared all \u2013 and won. THE GUARDIANPhilip Moore is [&hellip;]<\/p>\n","protected":false},"author":2,"featured_media":0,"parent":0,"menu_order":4,"comment_status":"closed","ping_status":"closed","template":"","meta":{"hide_page_title":"enabled","_coblocks_attr":"","_coblocks_dimensions":"","_coblocks_responsive_height":"","_coblocks_accordion_ie_support":"","footnotes":""},"aioseo_notices":[],"_links":{"self":[{"href":"https:\/\/www.philipmoorepianist.co.uk\/pianist\/wp-json\/wp\/v2\/pages\/289"}],"collection":[{"href":"https:\/\/www.philipmoorepianist.co.uk\/pianist\/wp-json\/wp\/v2\/pages"}],"about":[{"href":"https:\/\/www.philipmoorepianist.co.uk\/pianist\/wp-json\/wp\/v2\/types\/page"}],"author":[{"embeddable":true,"href":"https:\/\/www.philipmoorepianist.co.uk\/pianist\/wp-json\/wp\/v2\/users\/2"}],"replies":[{"embeddable":true,"href":"https:\/\/www.philipmoorepianist.co.uk\/pianist\/wp-json\/wp\/v2\/comments?post=289"}],"version-history":[{"count":95,"href":"https:\/\/www.philipmoorepianist.co.uk\/pianist\/wp-json\/wp\/v2\/pages\/289\/revisions"}],"predecessor-version":[{"id":1160,"href":"https:\/\/www.philipmoorepianist.co.uk\/pianist\/wp-json\/wp\/v2\/pages\/289\/revisions\/1160"}],"wp:attachment":[{"href":"https:\/\/www.philipmoorepianist.co.uk\/pianist\/wp-json\/wp\/v2\/media?parent=289"}],"curies":[{"name":"wp","href":"https:\/\/api.w.org\/{rel}","templated":true}]}}